{"id":12,"date":"2014-10-24T07:16:45","date_gmt":"2014-10-24T07:16:45","guid":{"rendered":"http:\/\/projets-ch.henallux.be\/activitespeda\/?page_id=2"},"modified":"2022-02-23T22:20:46","modified_gmt":"2022-02-23T21:20:46","slug":"page-d-exemple-2","status":"publish","type":"page","link":"https:\/\/projets-ch.henallux.be\/activitespeda\/index.php\/page-d-exemple-2\/","title":{"rendered":"Actualit\u00e9s"},"content":{"rendered":"\n<p>Bienvenue&nbsp;&nbsp;sur le blog du d\u00e9partement p\u00e9dagogique de la&nbsp;Haute-Ecole de Namur-Li\u00e8ge-Luxembourg de Champion !<br>Ce blog se veut une vitrine des diff\u00e9rents projets p\u00e9dagogiques&nbsp;se d\u00e9roulant au sein des cours.<br>Bonne d\u00e9couverte&nbsp;!<\/p>\n\n\n<ul class=\"wp-block-latest-posts__list is-grid columns-3 wp-block-latest-posts\"><li><a href=\"https:\/\/projets-ch.henallux.be\/activitespeda\/index.php\/2022\/04\/05\/aquallux\/\">Aquallux<\/a><\/li>\n<li><a href=\"https:\/\/projets-ch.henallux.be\/activitespeda\/index.php\/2021\/12\/03\/projet-stem-ateliers-en-sciences-technologies-ingenierie-et-mathematiques-au-sein-des-classes-de-1ere-secondaire-en-fevrier-2022\/\">Projet Stem : ateliers en sciences, technologies, ing\u00e9nierie et math\u00e9matiques au sein des classes de 1\u00e8re secondaire, en f\u00e9vrier 2023<\/a><\/li>\n<li><a href=\"https:\/\/projets-ch.henallux.be\/activitespeda\/index.php\/2021\/12\/03\/semaine-de-sensibilisation-aux-steam-2022-circulaire-ministerielle\/\">Semaine de sensibilisation aux STEAM 2022 : Circulaire minist\u00e9rielle<\/a><\/li>\n<li><a href=\"https:\/\/projets-ch.henallux.be\/activitespeda\/index.php\/2021\/02\/04\/la-robotique-au-service-des-mathematiques\/\">La robotique au service des math\u00e9matiques<\/a><\/li>\n<li><a href=\"https:\/\/projets-ch.henallux.be\/activitespeda\/index.php\/2020\/10\/20\/projet-evolutic-uber-pills\/\">Projet Evolutic: Uber Pills<\/a><\/li>\n<\/ul>","protected":false},"excerpt":{"rendered":"<p>Bienvenue&nbsp;&nbsp;sur le blog du d\u00e9partement p\u00e9dagogique de la&nbsp;Haute-Ecole de Namur-Li\u00e8ge-Luxembourg de Champion !Ce blog se veut une vitrine des diff\u00e9rents projets p\u00e9dagogiques&nbsp;se d\u00e9roulant au sein des cours.Bonne d\u00e9couverte&nbsp;!<\/p>\n","protected":false},"author":2,"featured_media":0,"parent":0,"menu_order":0,"comment_status":"open","ping_status":"open","template":"","meta":[],"_links":{"self":[{"href":"https:\/\/projets-ch.henallux.be\/activitespeda\/index.php\/wp-json\/wp\/v2\/pages\/12"}],"collection":[{"href":"https:\/\/projets-ch.henallux.be\/activitespeda\/index.php\/wp-json\/wp\/v2\/pages"}],"about":[{"href":"https:\/\/projets-ch.henallux.be\/activitespeda\/index.php\/wp-json\/wp\/v2\/types\/page"}],"author":[{"embeddable":true,"href":"https:\/\/projets-ch.henallux.be\/activitespeda\/index.php\/wp-json\/wp\/v2\/users\/2"}],"replies":[{"embeddable":true,"href":"https:\/\/projets-ch.henallux.be\/activitespeda\/index.php\/wp-json\/wp\/v2\/comments?post=12"}],"version-history":[{"count":4,"href":"https:\/\/projets-ch.henallux.be\/activitespeda\/index.php\/wp-json\/wp\/v2\/pages\/12\/revisions"}],"predecessor-version":[{"id":546,"href":"https:\/\/projets-ch.henallux.be\/activitespeda\/index.php\/wp-json\/wp\/v2\/pages\/12\/revisions\/546"}],"wp:attachment":[{"href":"https:\/\/projets-ch.henallux.be\/activitespeda\/index.php\/wp-json\/wp\/v2\/media?parent=12"}],"curies":[{"name":"wp","href":"https:\/\/api.w.org\/{rel}","templated":true}]}}