{"id":464,"date":"2022-02-15T09:47:52","date_gmt":"2022-02-15T08:47:52","guid":{"rendered":"https:\/\/projets-ch.henallux.be\/activitespeda\/?page_id=464"},"modified":"2022-04-14T11:34:20","modified_gmt":"2022-04-14T09:34:20","slug":"projets-citoyens-et-entrepreneurs","status":"publish","type":"page","link":"https:\/\/projets-ch.henallux.be\/activitespeda\/","title":{"rendered":"Projets citoyens et entrepreneurs"},"content":{"rendered":"\n<div class=\"wp-block-image\"><figure class=\"aligncenter size-large\"><img loading=\"lazy\" width=\"1024\" height=\"577\" src=\"https:\/\/projets-ch.henallux.be\/activitespeda\/wp-content\/uploads\/2022\/04\/Banniere-Hinalux-1-1024x577.png\" alt=\"\" class=\"wp-image-591\" srcset=\"https:\/\/projets-ch.henallux.be\/activitespeda\/wp-content\/uploads\/2022\/04\/Banniere-Hinalux-1-1024x577.png 1024w, https:\/\/projets-ch.henallux.be\/activitespeda\/wp-content\/uploads\/2022\/04\/Banniere-Hinalux-1-300x169.png 300w, https:\/\/projets-ch.henallux.be\/activitespeda\/wp-content\/uploads\/2022\/04\/Banniere-Hinalux-1-768x433.png 768w, https:\/\/projets-ch.henallux.be\/activitespeda\/wp-content\/uploads\/2022\/04\/Banniere-Hinalux-1-1536x865.png 1536w, https:\/\/projets-ch.henallux.be\/activitespeda\/wp-content\/uploads\/2022\/04\/Banniere-Hinalux-1.png 1640w\" sizes=\"(max-width: 1024px) 100vw, 1024px\" \/><\/figure><\/div>\n\n\n\n<p class=\"has-text-align-left\">Aquallux c\u2019est le projet de Manon et Ameline qui ont d\u00e9cid\u00e9, dans le cadre de leur option \u00ab \u00e9tudiant citoyen \u00bb, de redonner vie \u00e0 l\u2019aquarium apr\u00e8s deux ann\u00e9es de COVID-19, en l\u2019utilisant comme lieu de rencontre et de partage. Pour ce faire, elles vous proposent de venir exposer le mat\u00e9riel que vous avez r\u00e9alis\u00e9 ou d\u00e9nich\u00e9 dans le cadre des AFP ou des stages et dont vous \u00eates particuli\u00e8rement fiers. \u00a0Parce que les bonnes id\u00e9es, \u00e7a se partage, n\u2019h\u00e9sitez pas \u00e0 vous inscrire comme exposant afin de montrer, discuter et \u00e9changer vos bons plans. Merci pour elles<\/p>\n\n\n\n<div class=\"wp-block-image\"><figure class=\"aligncenter size-large is-resized\"><img loading=\"lazy\" src=\"https:\/\/projets-ch.henallux.be\/activitespeda\/wp-content\/uploads\/2022\/04\/fablab-baniere-1024x577.png\" alt=\"\" class=\"wp-image-585\" width=\"942\" height=\"530\" srcset=\"https:\/\/projets-ch.henallux.be\/activitespeda\/wp-content\/uploads\/2022\/04\/fablab-baniere-1024x577.png 1024w, https:\/\/projets-ch.henallux.be\/activitespeda\/wp-content\/uploads\/2022\/04\/fablab-baniere-300x169.png 300w, https:\/\/projets-ch.henallux.be\/activitespeda\/wp-content\/uploads\/2022\/04\/fablab-baniere-768x433.png 768w, https:\/\/projets-ch.henallux.be\/activitespeda\/wp-content\/uploads\/2022\/04\/fablab-baniere-1536x865.png 1536w, https:\/\/projets-ch.henallux.be\/activitespeda\/wp-content\/uploads\/2022\/04\/fablab-baniere.png 1640w\" sizes=\"(max-width: 942px) 100vw, 942px\" \/><\/figure><\/div>\n\n\n\n<p class=\"has-text-align-center\"><\/p>\n\n\n\n<p class=\"has-text-align-left has-white-background-color has-background\">Le Fablab est un local ( le 104 ) mis \u00e0 la disposition de l\u2019ensemble des \u00e9l\u00e8ves du d\u00e9partement afin de leur donner l\u2019opportunit\u00e9 de cr\u00e9er (tant dans un but artistique que p\u00e9dagogique) en essayant des techniques auxquelles ils n\u2019ont pas acc\u00e8s \u00e0 la maison. Le local est en effet \u00e9quip\u00e9 d\u2019une machine \u00e0 coudre, de mat\u00e9riel de menuiserie, d\u2019une d\u00e9coupeuse laser, de plastifieuses A3, etc. ainsi que de nombreuses mati\u00e8res premi\u00e8res. S\u2019il a \u00e9t\u00e9 d\u00e9laiss\u00e9 de la part des \u00e9tudiants durant la pand\u00e9mie, Manon, Cathy, Louise, Erin et Lauralie consacrent cette ann\u00e9e leur projet, dans le cadre de l\u2019option \u00ab\u00a0\u00e9tudiant citoyen\u00a0\u00bb, \u00e0 remettre cette caverne d\u2019Ali Baba en valeur et \u00e0 lui rendre la visibilit\u00e9 qu\u2019il m\u00e9rite. Pour acc\u00e9der au local, il vous suffit de vous y rendre durant les permanences organis\u00e9es par la fine \u00e9quipe, ou de prendre rendez-vous avec l\u2019une des responsables. De plus, celles-ci se feront une joie de vous conseiller et de vous aider dans l\u2019utilisation des diff\u00e9rents outils propos\u00e9s. Enfin, si vous aussi vous croulez sous une montagne de rouleaux de papier-toilette, de bocaux et de boites en tout genres, n\u2019h\u00e9sitez pas \u00e0 les leur apporter afin que ceux-ci puissent trouver acqu\u00e9reur et \u00eatre utilis\u00e9s \u00e0 bon escient.<\/p>\n\n\n\n<p class=\"has-text-align-center has-white-background-color has-background\">Pour suivre les \u00e9v\u00e8nements ayant lieu au Fablab, pour faire don de mat\u00e9riel ou pour prendre rendez-vous, \u00e7a se passe ici\u00a0: <a href=\"https:\/\/www.facebook.com\/FabLab-Champion-Henallux-109010774952924\">FabLab Champion Henallux | Facebook<\/a><\/p>\n","protected":false},"excerpt":{"rendered":"<p>Aquallux c\u2019est le projet de Manon et Ameline qui ont d\u00e9cid\u00e9, dans le cadre de leur option \u00ab \u00e9tudiant citoyen \u00bb, de redonner vie \u00e0 l\u2019aquarium apr\u00e8s deux ann\u00e9es de COVID-19, en l\u2019utilisant comme lieu de rencontre et de partage. Pour ce faire, elles vous proposent de venir exposer le mat\u00e9riel que vous avez r\u00e9alis\u00e9 [&hellip;]<\/p>\n","protected":false},"author":4,"featured_media":0,"parent":12,"menu_order":1,"comment_status":"closed","ping_status":"closed","template":"","meta":[],"_links":{"self":[{"href":"https:\/\/projets-ch.henallux.be\/activitespeda\/index.php\/wp-json\/wp\/v2\/pages\/464"}],"collection":[{"href":"https:\/\/projets-ch.henallux.be\/activitespeda\/index.php\/wp-json\/wp\/v2\/pages"}],"about":[{"href":"https:\/\/projets-ch.henallux.be\/activitespeda\/index.php\/wp-json\/wp\/v2\/types\/page"}],"author":[{"embeddable":true,"href":"https:\/\/projets-ch.henallux.be\/activitespeda\/index.php\/wp-json\/wp\/v2\/users\/4"}],"replies":[{"embeddable":true,"href":"https:\/\/projets-ch.henallux.be\/activitespeda\/index.php\/wp-json\/wp\/v2\/comments?post=464"}],"version-history":[{"count":7,"href":"https:\/\/projets-ch.henallux.be\/activitespeda\/index.php\/wp-json\/wp\/v2\/pages\/464\/revisions"}],"predecessor-version":[{"id":592,"href":"https:\/\/projets-ch.henallux.be\/activitespeda\/index.php\/wp-json\/wp\/v2\/pages\/464\/revisions\/592"}],"up":[{"embeddable":true,"href":"https:\/\/projets-ch.henallux.be\/activitespeda\/index.php\/wp-json\/wp\/v2\/pages\/12"}],"wp:attachment":[{"href":"https:\/\/projets-ch.henallux.be\/activitespeda\/index.php\/wp-json\/wp\/v2\/media?parent=464"}],"curies":[{"name":"wp","href":"https:\/\/api.w.org\/{rel}","templated":true}]}}