{"id":606,"date":"2022-06-08T20:14:17","date_gmt":"2022-06-08T18:14:17","guid":{"rendered":"https:\/\/projets-ch.henallux.be\/activitespeda\/?page_id=606"},"modified":"2022-06-08T20:19:56","modified_gmt":"2022-06-08T18:19:56","slug":"mathematiques","status":"publish","type":"page","link":"https:\/\/projets-ch.henallux.be\/activitespeda\/index.php\/mathematiques\/","title":{"rendered":"Math\u00e9matiques"},"content":{"rendered":"\n<p><a href=\"https:\/\/projets-ch.henallux.be\/activitespeda\/index.php\/generateurs\/\">G\u00e9n\u00e9rateurs<\/a><\/p>\n\n\n\n<p>Mat\u00e9riel<\/p>\n\n\n\n<p>Manuels <\/p>\n\n\n\n<p><\/p>\n","protected":false},"excerpt":{"rendered":"<p>G\u00e9n\u00e9rateurs Mat\u00e9riel Manuels<\/p>\n","protected":false},"author":4,"featured_media":0,"parent":0,"menu_order":0,"comment_status":"closed","ping_status":"closed","template":"","meta":[],"_links":{"self":[{"href":"https:\/\/projets-ch.henallux.be\/activitespeda\/index.php\/wp-json\/wp\/v2\/pages\/606"}],"collection":[{"href":"https:\/\/projets-ch.henallux.be\/activitespeda\/index.php\/wp-json\/wp\/v2\/pages"}],"about":[{"href":"https:\/\/projets-ch.henallux.be\/activitespeda\/index.php\/wp-json\/wp\/v2\/types\/page"}],"author":[{"embeddable":true,"href":"https:\/\/projets-ch.henallux.be\/activitespeda\/index.php\/wp-json\/wp\/v2\/users\/4"}],"replies":[{"embeddable":true,"href":"https:\/\/projets-ch.henallux.be\/activitespeda\/index.php\/wp-json\/wp\/v2\/comments?post=606"}],"version-history":[{"count":3,"href":"https:\/\/projets-ch.henallux.be\/activitespeda\/index.php\/wp-json\/wp\/v2\/pages\/606\/revisions"}],"predecessor-version":[{"id":630,"href":"https:\/\/projets-ch.henallux.be\/activitespeda\/index.php\/wp-json\/wp\/v2\/pages\/606\/revisions\/630"}],"wp:attachment":[{"href":"https:\/\/projets-ch.henallux.be\/activitespeda\/index.php\/wp-json\/wp\/v2\/media?parent=606"}],"curies":[{"name":"wp","href":"https:\/\/api.w.org\/{rel}","templated":true}]}}