{"id":612,"date":"2022-06-08T20:17:20","date_gmt":"2022-06-08T18:17:20","guid":{"rendered":"https:\/\/projets-ch.henallux.be\/activitespeda\/?page_id=612"},"modified":"2022-06-08T21:15:37","modified_gmt":"2022-06-08T19:15:37","slug":"generateur-de-fractions","status":"publish","type":"page","link":"https:\/\/projets-ch.henallux.be\/activitespeda\/index.php\/generateur-de-fractions\/","title":{"rendered":"G\u00e9n\u00e9rateur de fractions"},"content":{"rendered":"\n<p>\u00c1 la recherche d&rsquo;un outil simple et efficace pour r\u00e9aliser tes le\u00e7ons sur les fractions? En pizza, en r\u00e9glettes ou sur des droites gradu\u00e9es: le g\u00e9n\u00e9rateur de fractions Micet est l&rsquo;outil qu&rsquo;il te faut! <\/p>\n\n\n\n<figure class=\"wp-block-image size-large\"><img loading=\"lazy\" width=\"1024\" height=\"446\" src=\"https:\/\/projets-ch.henallux.be\/activitespeda\/wp-content\/uploads\/2022\/06\/image-1024x446.png\" alt=\"\" class=\"wp-image-603\" srcset=\"https:\/\/projets-ch.henallux.be\/activitespeda\/wp-content\/uploads\/2022\/06\/image-1024x446.png 1024w, https:\/\/projets-ch.henallux.be\/activitespeda\/wp-content\/uploads\/2022\/06\/image-300x131.png 300w, https:\/\/projets-ch.henallux.be\/activitespeda\/wp-content\/uploads\/2022\/06\/image-768x334.png 768w, https:\/\/projets-ch.henallux.be\/activitespeda\/wp-content\/uploads\/2022\/06\/image.png 1064w\" sizes=\"(max-width: 1024px) 100vw, 1024px\" \/><\/figure>\n\n\n\n<div class=\"wp-container-1 wp-block-buttons\">\n<div class=\"wp-block-button aligncenter\"><a class=\"wp-block-button__link\" href=\"https:\/\/micetf.fr\/Fractions\/generateur\/#pizza\" target=\"_blank\" rel=\"noreferrer noopener\">Pour d\u00e9couvrir cet outil, clique ici<\/a><\/div>\n<\/div>\n","protected":false},"excerpt":{"rendered":"<p>\u00c1 la recherche d&rsquo;un outil simple et efficace pour r\u00e9aliser tes le\u00e7ons sur les fractions? En pizza, en r\u00e9glettes ou sur des droites gradu\u00e9es: le g\u00e9n\u00e9rateur de fractions Micet est l&rsquo;outil qu&rsquo;il te faut!<\/p>\n","protected":false},"author":4,"featured_media":0,"parent":0,"menu_order":0,"comment_status":"closed","ping_status":"closed","template":"","meta":[],"_links":{"self":[{"href":"https:\/\/projets-ch.henallux.be\/activitespeda\/index.php\/wp-json\/wp\/v2\/pages\/612"}],"collection":[{"href":"https:\/\/projets-ch.henallux.be\/activitespeda\/index.php\/wp-json\/wp\/v2\/pages"}],"about":[{"href":"https:\/\/projets-ch.henallux.be\/activitespeda\/index.php\/wp-json\/wp\/v2\/types\/page"}],"author":[{"embeddable":true,"href":"https:\/\/projets-ch.henallux.be\/activitespeda\/index.php\/wp-json\/wp\/v2\/users\/4"}],"replies":[{"embeddable":true,"href":"https:\/\/projets-ch.henallux.be\/activitespeda\/index.php\/wp-json\/wp\/v2\/comments?post=612"}],"version-history":[{"count":3,"href":"https:\/\/projets-ch.henallux.be\/activitespeda\/index.php\/wp-json\/wp\/v2\/pages\/612\/revisions"}],"predecessor-version":[{"id":632,"href":"https:\/\/projets-ch.henallux.be\/activitespeda\/index.php\/wp-json\/wp\/v2\/pages\/612\/revisions\/632"}],"wp:attachment":[{"href":"https:\/\/projets-ch.henallux.be\/activitespeda\/index.php\/wp-json\/wp\/v2\/media?parent=612"}],"curies":[{"name":"wp","href":"https:\/\/api.w.org\/{rel}","templated":true}]}}